{"id":103,"date":"2018-09-03T09:46:42","date_gmt":"2018-09-03T09:46:42","guid":{"rendered":"https:\/\/levendi.al\/?page_id=103"},"modified":"2018-10-18T07:19:42","modified_gmt":"2018-10-18T07:19:42","slug":"rreth-nesh","status":"publish","type":"page","link":"https:\/\/levendi.al\/index.php\/rreth-nesh\/","title":{"rendered":"Rreth Nesh"},"content":{"rendered":"<div class=\"wpb-content-wrapper\"><p>[vc_row full_width=&#8221;stretch_row_content_no_spaces&#8221; equal_height=&#8221;yes&#8221; css=&#8221;.vc_custom_1535968813386{margin-top: -70px !important;background-image: url(https:\/\/levendi.al\/wp-content\/uploads\/2018\/09\/project-gallery-bg-2-1.jpg?id=159) !important;}&#8221;][vc_column width=&#8221;1\/2&#8243;][vc_row_inner][vc_column_inner width=&#8221;1\/6&#8243; css=&#8221;.vc_custom_1535966573152{padding-right: 150px !important;}&#8221;][\/vc_column_inner][vc_column_inner width=&#8221;5\/6&#8243; css=&#8221;.vc_custom_1535968191330{padding-right: 100px !important;}&#8221;][vc_empty_space height=&#8221;40px&#8221;][vc_custom_heading text=&#8221;Eksperienc\u00eb mbi 10-vje\u00e7are&#8221; font_container=&#8221;tag:h2|font_size:24px|text_align:left|color:%23333333|line_height:30px&#8221; google_fonts=&#8221;font_family:Montserrat%3Aregular%2C700|font_style:700%20bold%20regular%3A700%3Anormal&#8221;][vc_separator color=&#8221;custom&#8221; align=&#8221;align_left&#8221; border_width=&#8221;2&#8243; el_width=&#8221;20&#8243; accent_color=&#8221;#ffc31d&#8221;][vc_column_text]<\/p>\n<p style=\"text-align: justify;\">Shoq\u00ebria \u201cLEVENDI\u201d shpk me Administrator Z. Arben Levendi, e regjistruar n\u00eb Gjykat\u00ebn e Tiran\u00ebs me vendim nr. 24916 dat\u00eb 10.01.2000 dhe n\u00eb zyr\u00ebn e taksave me NIPT K11315001N dhe Kod Fiskal 3708862, ka nj\u00eb grup specialist\u00ebsh t\u00eb deklaruar n\u00eb zyr\u00ebn e pun\u00ebs e sigurimeve, ka nj\u00eb eksperienc\u00eb mbi 10-vje\u00e7are n\u00eb prodhimin dhe montimin e: xhamave t\u00eb\u00a0 \u00e7do lloji dhe p\u00ebrmase, me duralumin prerje termike, t\u00eb blinduar, t\u00eb ftoht\u00eb, kangjella inoksi me tubo e xhama, veshje etalbondi, ndarje zyrash, porta me fotoelement\u00eb etj.<\/p>\n<p>[\/vc_column_text][vc_empty_space height=&#8221;40px&#8221;][\/vc_column_inner][\/vc_row_inner][\/vc_column][vc_column width=&#8221;1\/4&#8243; css=&#8221;.vc_custom_1535968845253{margin-top: -35px !important;}&#8221;][vc_single_image image=&#8221;141&#8243; img_size=&#8221;full&#8221; alignment=&#8221;center&#8221; image_hovers=&#8221;false&#8221;][vc_single_image image=&#8221;145&#8243; img_size=&#8221;full&#8221; alignment=&#8221;center&#8221; image_hovers=&#8221;false&#8221; css=&#8221;.vc_custom_1535967471077{margin-top: -35px !important;}&#8221;][\/vc_column][vc_column width=&#8221;1\/4&#8243; css=&#8221;.vc_custom_1535968850381{margin-top: -35px !important;}&#8221;][vc_single_image image=&#8221;179&#8243; img_size=&#8221;full&#8221; alignment=&#8221;center&#8221; image_hovers=&#8221;false&#8221;][vc_single_image image=&#8221;143&#8243; img_size=&#8221;full&#8221; alignment=&#8221;center&#8221; image_hovers=&#8221;false&#8221; css=&#8221;.vc_custom_1535967487280{margin-top: -35px !important;}&#8221;][\/vc_column][\/vc_row][vc_row full_width=&#8221;stretch_row_content_no_spaces&#8221; equal_height=&#8221;yes&#8221; css=&#8221;.vc_custom_1535969148147{margin-top: -40px !important;margin-bottom: -70px !important;padding-bottom: -50px !important;background-image: url(https:\/\/levendi.al\/wp-content\/uploads\/2018\/09\/project-gallery-bg-3-1.jpg?id=207) !important;}&#8221;][vc_column width=&#8221;1\/4&#8243; css=&#8221;.vc_custom_1535969138583{margin-top: -35px !important;margin-bottom: -35px !important;}&#8221;][vc_single_image image=&#8221;181&#8243; img_size=&#8221;full&#8221; alignment=&#8221;center&#8221; image_hovers=&#8221;false&#8221;][vc_single_image image=&#8221;183&#8243; img_size=&#8221;full&#8221; alignment=&#8221;center&#8221; image_hovers=&#8221;false&#8221; css=&#8221;.vc_custom_1535967678231{margin-top: -35px !important;}&#8221;][\/vc_column][vc_column width=&#8221;1\/4&#8243; css=&#8221;.vc_custom_1535969144630{margin-top: -35px !important;margin-bottom: -35px !important;}&#8221;][vc_single_image image=&#8221;182&#8243; img_size=&#8221;full&#8221; alignment=&#8221;center&#8221; image_hovers=&#8221;false&#8221;][vc_single_image image=&#8221;184&#8243; img_size=&#8221;full&#8221; alignment=&#8221;center&#8221; image_hovers=&#8221;false&#8221; css=&#8221;.vc_custom_1535967728963{margin-top: -35px !important;}&#8221;][\/vc_column][vc_column width=&#8221;1\/2&#8243; css=&#8221;.vc_custom_1535968977823{margin-bottom: -35px !important;}&#8221;][vc_row_inner][vc_column_inner width=&#8221;1\/6&#8243;][\/vc_column_inner][vc_column_inner width=&#8221;5\/6&#8243; css=&#8221;.vc_custom_1535969016707{padding-right: 100px !important;}&#8221;][vc_empty_space height=&#8221;15px&#8221;][vc_custom_heading text=&#8221;Cil\u00ebsi, shpejt\u00ebsi dhe korrekt\u00ebsi&#8221; font_container=&#8221;tag:h2|font_size:24px|text_align:left|color:%23333333|line_height:30px&#8221; google_fonts=&#8221;font_family:Montserrat%3Aregular%2C700|font_style:700%20bold%20regular%3A700%3Anormal&#8221;][vc_separator color=&#8221;custom&#8221; align=&#8221;align_left&#8221; border_width=&#8221;2&#8243; el_width=&#8221;20&#8243; accent_color=&#8221;#ffc31d&#8221;][vc_column_text css=&#8221;.vc_custom_1535969119166{margin-top: -10px !important;}&#8221;]<\/p>\n<p style=\"text-align: justify;\">Cil\u00ebsia, shpejt\u00ebsia, korrekt\u00ebsia e firm\u00ebs son\u00eb ka b\u00ebr\u00eb q\u00eb firma serioze nd\u00ebrtimi t\u00eb na besojn\u00eb objektet e tyre \u201cEdil AL-it\u201d, \u201cBest Construction\u201d, \u201cHelka\u201d, \u201cKika\u201d, \u201cHaxhiu\u201d, \u201cA.I.C\u201d, \u201cBojken\u201d, \u201cTir Hino Giron\u201d, \u201cOrion Nd\u00ebrtim Vila\u201d, \u00ebsht\u00eb punuar me Alumin e xham t\u00eb blinduar n\u00eb kancelarit\u00eb diplomatike t\u00eb Ambasad\u00ebs Austriake, Konsullat\u00ebs Italiane n\u00eb Shkod\u00ebr, Ambasad\u00ebs Hollandeze etj. N\u00eb Bankat: \u201cRaiffaisen\u201d, \u201cBKT\u201d, \u201cAlfa\u201d, \u201cNBG\u201d, \u201cEmporiki\u201d, \u201dCredins\u201d, \u201cTirana Bank\u201d, \u201cB.Popullore\u201d, \u201cBis Banke\u201detj. N\u00eb qendrat komerciale: \u201cQTU\u201d, \u201cCyti Park\u201d, \u201cQendra Kristal\u201d, \u201cKullat Binjake\u201d, \u201cHotel 15-kat\u00ebshi\u201d etj. Shoq\u00ebria \u201cLEVENDI\u201d ju ofron produkte me \u00e7ertifikat\u00eb t\u00eb l\u00ebnd\u00ebs s\u00eb par\u00eb nga importi, t\u00eb sistemit \u201cMETRA\u201d, \u201cDOMAL UNO\u201d, \u201cALUMIL\u201d.<\/p>\n<p>[\/vc_column_text][\/vc_column_inner][\/vc_row_inner][\/vc_column][\/vc_row]<\/p>\n<\/div>","protected":false},"excerpt":{"rendered":"<p>[vc_row full_width=&#8221;stretch_row_content_no_spaces&#8221; equal_height=&#8221;yes&#8221; css=&#8221;.vc_custom_1535968813386{margin-top: -70px !important;background-image: url(https:\/\/levendi.al\/wp-content\/uploads\/2018\/09\/project-gallery-bg-2-1.jpg?id=159) !important;}&#8221;][vc_column width=&#8221;1\/2&#8243;][vc_row_inner][vc_column_inner width=&#8221;1\/6&#8243; css=&#8221;.vc_custom_1535966573152{padding-right: 150px !important;}&#8221;][\/vc_column_inner][vc_column_inner width=&#8221;5\/6&#8243; css=&#8221;.vc_custom_1535968191330{padding-right: 100px !important;}&#8221;][vc_empty_space height=&#8221;40px&#8221;][vc_custom_heading text=&#8221;Eksperienc\u00eb mbi 10-vje\u00e7are&#8221; font_container=&#8221;tag:h2|font_size:24px|text_align:left|color:%23333333|line_height:30px&#8221; google_fonts=&#8221;font_family:Montserrat%3Aregular%2C700|font_style:700%20bold%20regular%3A700%3Anormal&#8221;][vc_separator color=&#8221;custom&#8221; align=&#8221;align_left&#8221; border_width=&#8221;2&#8243; el_width=&#8221;20&#8243; accent_color=&#8221;#ffc31d&#8221;][vc_column_text] Shoq\u00ebria \u201cLEVENDI\u201d shpk me Administrator Z. Arben Levendi, e regjistruar n\u00eb Gjykat\u00ebn e Tiran\u00ebs me vendim nr. 24916 dat\u00eb 10.01.2000 dhe n\u00eb zyr\u00ebn e taksave me NIPT&hellip;<\/p>\n","protected":false},"author":2,"featured_media":0,"parent":0,"menu_order":0,"comment_status":"closed","ping_status":"closed","template":"","meta":{"footnotes":""},"class_list":["post-103","page","type-page","status-publish","hentry","description-off"],"_links":{"self":[{"href":"https:\/\/levendi.al\/index.php\/wp-json\/wp\/v2\/pages\/103","targetHints":{"allow":["GET"]}}],"collection":[{"href":"https:\/\/levendi.al\/index.php\/wp-json\/wp\/v2\/pages"}],"about":[{"href":"https:\/\/levendi.al\/index.php\/wp-json\/wp\/v2\/types\/page"}],"author":[{"embeddable":true,"href":"https:\/\/levendi.al\/index.php\/wp-json\/wp\/v2\/users\/2"}],"replies":[{"embeddable":true,"href":"https:\/\/levendi.al\/index.php\/wp-json\/wp\/v2\/comments?post=103"}],"version-history":[{"count":88,"href":"https:\/\/levendi.al\/index.php\/wp-json\/wp\/v2\/pages\/103\/revisions"}],"predecessor-version":[{"id":477,"href":"https:\/\/levendi.al\/index.php\/wp-json\/wp\/v2\/pages\/103\/revisions\/477"}],"wp:attachment":[{"href":"https:\/\/levendi.al\/index.php\/wp-json\/wp\/v2\/media?parent=103"}],"curies":[{"name":"wp","href":"https:\/\/api.w.org\/{rel}","templated":true}]}}