{"id":214,"date":"2018-09-03T10:18:10","date_gmt":"2018-09-03T10:18:10","guid":{"rendered":"https:\/\/levendi.al\/?page_id=214"},"modified":"2018-09-04T08:43:34","modified_gmt":"2018-09-04T08:43:34","slug":"te-rejat","status":"publish","type":"page","link":"https:\/\/levendi.al\/index.php\/te-rejat\/","title":{"rendered":"Te rejat"},"content":{"rendered":"<div class=\"wpb-content-wrapper\"><p>[vc_row el_class=&#8221;rresht&#8221;][vc_column width=&#8221;1\/3&#8243;][vc_single_image image=&#8221;222&#8243; img_size=&#8221;full&#8221; alignment=&#8221;center&#8221; image_hovers=&#8221;false&#8221;][\/vc_column][vc_column width=&#8221;2\/3&#8243; css=&#8221;.vc_custom_1535969817714{padding-left: 20px !important;}&#8221;][vc_empty_space][vc_custom_heading text=&#8221;Mir\u00ebsevini n\u00eb website-in ton\u00eb!&#8221; font_container=&#8221;tag:h2|font_size:30px|text_align:left|color:%23313e7e|line_height:35px&#8221; google_fonts=&#8221;font_family:Montserrat%3Aregular%2C700|font_style:700%20bold%20regular%3A700%3Anormal&#8221;][vc_separator color=&#8221;custom&#8221; align=&#8221;align_left&#8221; border_width=&#8221;2&#8243; el_width=&#8221;20&#8243; accent_color=&#8221;#313e7e&#8221;][vc_column_text css=&#8221;.vc_custom_1536050610915{margin-right: 50px !important;}&#8221;]<\/p>\n<p style=\"text-align: justify;\">Tashm\u00eb me website-in e tij m\u00eb t\u00eb ri, Levnendi shpk, prezanton p\u00ebr t\u00eb gjith\u00eb klient\u00ebt e tij sh\u00ebrbimet q\u00eb ofron, fotogaleri si edhe m\u00ebnyrat e kontaktit.\u00a0Kompania jon\u00eb zot\u00ebron nj\u00eb eksperienc\u00eb mbi 10-vje\u00e7are n\u00eb prodhimin dhe montimin e: xhamave t\u00eb\u00a0 \u00e7do lloji dhe p\u00ebrmase, me duralumin prerje termike, t\u00eb blinduar, t\u00eb ftoht\u00eb, kangjella inoksi me tubo e xhama, veshje etalbondi, ndarje zyrash, porta me fotoelement\u00eb etj.<\/p>\n<p>[\/vc_column_text][\/vc_column][\/vc_row]<\/p>\n<\/div>","protected":false},"excerpt":{"rendered":"<p>[vc_row el_class=&#8221;rresht&#8221;][vc_column width=&#8221;1\/3&#8243;][vc_single_image image=&#8221;222&#8243; img_size=&#8221;full&#8221; alignment=&#8221;center&#8221; image_hovers=&#8221;false&#8221;][\/vc_column][vc_column width=&#8221;2\/3&#8243; css=&#8221;.vc_custom_1535969817714{padding-left: 20px !important;}&#8221;][vc_empty_space][vc_custom_heading text=&#8221;Mir\u00ebsevini n\u00eb website-in ton\u00eb!&#8221; font_container=&#8221;tag:h2|font_size:30px|text_align:left|color:%23313e7e|line_height:35px&#8221; google_fonts=&#8221;font_family:Montserrat%3Aregular%2C700|font_style:700%20bold%20regular%3A700%3Anormal&#8221;][vc_separator color=&#8221;custom&#8221; align=&#8221;align_left&#8221; border_width=&#8221;2&#8243; el_width=&#8221;20&#8243; accent_color=&#8221;#313e7e&#8221;][vc_column_text css=&#8221;.vc_custom_1536050610915{margin-right: 50px !important;}&#8221;] Tashm\u00eb me website-in e tij m\u00eb t\u00eb ri, Levnendi shpk, prezanton p\u00ebr t\u00eb gjith\u00eb klient\u00ebt e tij sh\u00ebrbimet q\u00eb ofron, fotogaleri si edhe m\u00ebnyrat e kontaktit.\u00a0Kompania jon\u00eb zot\u00ebron nj\u00eb eksperienc\u00eb&hellip;<\/p>\n","protected":false},"author":2,"featured_media":0,"parent":0,"menu_order":0,"comment_status":"closed","ping_status":"closed","template":"","meta":{"footnotes":""},"class_list":["post-214","page","type-page","status-publish","hentry","description-off"],"_links":{"self":[{"href":"https:\/\/levendi.al\/index.php\/wp-json\/wp\/v2\/pages\/214","targetHints":{"allow":["GET"]}}],"collection":[{"href":"https:\/\/levendi.al\/index.php\/wp-json\/wp\/v2\/pages"}],"about":[{"href":"https:\/\/levendi.al\/index.php\/wp-json\/wp\/v2\/types\/page"}],"author":[{"embeddable":true,"href":"https:\/\/levendi.al\/index.php\/wp-json\/wp\/v2\/users\/2"}],"replies":[{"embeddable":true,"href":"https:\/\/levendi.al\/index.php\/wp-json\/wp\/v2\/comments?post=214"}],"version-history":[{"count":15,"href":"https:\/\/levendi.al\/index.php\/wp-json\/wp\/v2\/pages\/214\/revisions"}],"predecessor-version":[{"id":464,"href":"https:\/\/levendi.al\/index.php\/wp-json\/wp\/v2\/pages\/214\/revisions\/464"}],"wp:attachment":[{"href":"https:\/\/levendi.al\/index.php\/wp-json\/wp\/v2\/media?parent=214"}],"curies":[{"name":"wp","href":"https:\/\/api.w.org\/{rel}","templated":true}]}}